{"id":25063,"date":"2025-04-01T15:56:29","date_gmt":"2025-04-01T15:56:29","guid":{"rendered":"https:\/\/marsco.org\/3d-tour\/"},"modified":"2025-05-27T15:28:30","modified_gmt":"2025-05-27T15:28:30","slug":"3d-tour","status":"publish","type":"page","link":"https:\/\/marsco.org\/de\/3d-tour\/","title":{"rendered":"3d Tour"},"content":{"rendered":"\t\t<div data-elementor-type=\"wp-page\" data-elementor-id=\"25063\" class=\"elementor elementor-25063 elementor-23923\" data-elementor-post-type=\"page\">\n\t\t\t\t\t\t<section class=\"wd-negative-gap elementor-section elementor-top-section elementor-element elementor-element-b821c0b wd-section-stretch elementor-section-boxed elementor-section-height-default elementor-section-height-default\" data-id=\"b821c0b\" data-element_type=\"section\" data-settings=\"{&quot;background_background&quot;:&quot;classic&quot;}\">\n\t\t\t\t\t\t\t<div class=\"elementor-background-overlay\"><\/div>\n\t\t\t\t\t\t\t<div class=\"elementor-container elementor-column-gap-default\">\n\t\t\t\t\t<div class=\"elementor-column elementor-col-100 elementor-top-column elementor-element elementor-element-845e038 color-scheme-light\" data-id=\"845e038\" data-element_type=\"column\">\n\t\t\t<div class=\"elementor-widget-wrap elementor-element-populated\">\n\t\t\t\t\t\t<div class=\"elementor-element elementor-element-2a4c062 wd-width-100 elementor-widget elementor-widget-wd_title\" data-id=\"2a4c062\" data-element_type=\"widget\" data-widget_type=\"wd_title.default\">\n\t\t\t\t<div class=\"elementor-widget-container\">\n\t\t\t\t\t\t\t<div class=\"title-wrapper wd-set-mb reset-last-child wd-title-color-white wd-title-style-default wd-title-size-large text-center\">\n\n\t\t\t\n\t\t\t<div class=\"liner-continer\">\n\t\t\t\t<h4 class=\"woodmart-title-container title wd-fontsize-xxl\">3D-Tour<\/h4> \n\t\t\t\t\t\t\t<\/div>\n\n\t\t\t\t\t\t\t<div class=\"title-after_title reset-last-child wd-fontsize-s\">\n\t\t\t\t\t<p>Interaktive 3D-Touren bieten ein virtuelles Begehungserlebnis und vermitteln ein starkes Pr\u00e4senzgef\u00fchl. Sie eignen sich ideal f\u00fcr Immobilien, Ausstellungen, Industrieanlagen, Bildungsinhalte und Marketingpr\u00e4sentationen.<\/p>\t\t\t\t<\/div>\n\t\t\t\t\t<\/div>\n\t\t\t\t\t\t<\/div>\n\t\t\t\t<\/div>\n\t\t\t\t\t<\/div>\n\t\t<\/div>\n\t\t\t\t\t<\/div>\n\t\t<\/section>\n\t\t<div class=\"wd-negative-gap elementor-element elementor-element-27c7d2d e-flex e-con-boxed e-con e-parent\" data-id=\"27c7d2d\" data-element_type=\"container\">\n\t\t\t\t\t<div class=\"e-con-inner\">\n\t\t<div class=\"wd-sticky-container-lg elementor-element elementor-element-12c7c7d e-con-full e-flex e-con e-child\" data-id=\"12c7c7d\" data-element_type=\"container\">\n\t\t\t\t<div class=\"elementor-element elementor-element-184b21b wd-width-100 elementor-widget elementor-widget-wd_title\" data-id=\"184b21b\" data-element_type=\"widget\" data-widget_type=\"wd_title.default\">\n\t\t\t\t<div class=\"elementor-widget-container\">\n\t\t\t\t\t\t\t<div class=\"title-wrapper wd-set-mb reset-last-child wd-title-color-default wd-title-style-default wd-title-size-default text-left\">\n\n\t\t\t\n\t\t\t<div class=\"liner-continer\">\n\t\t\t\t<h4 class=\"woodmart-title-container title wd-fontsize-l\">Beratung<\/h4> \n\t\t\t\t\t\t\t<\/div>\n\n\t\t\t\t\t\t\t<div class=\"title-after_title reset-last-child wd-fontsize-xs\">\n\t\t\t\t\t<p>Bevor wir mit der Erstellung der 3D-Tour beginnen, besprechen wir das Projekt, um Ihre Ziele vollst\u00e4ndig zu verstehen. Diese Phase hilft dabei, eine 3D-Tour zu erstellen, die Ihren Anforderungen entspricht und das virtuelle Erlebnis nahtlos gestaltet.<\/p>\t\t\t\t<\/div>\n\t\t\t\t\t<\/div>\n\t\t\t\t\t\t<\/div>\n\t\t\t\t<\/div>\n\t\t\t\t<\/div>\n\t\t<div class=\"elementor-element elementor-element-e29de3a e-con-full e-flex e-con e-child\" data-id=\"e29de3a\" data-element_type=\"container\" data-settings=\"{&quot;background_background&quot;:&quot;classic&quot;}\">\n\t\t\t\t<\/div>\n\t\t\t\t\t<\/div>\n\t\t\t\t<\/div>\n\t\t<div class=\"elementor-element elementor-element-dce685c e-con-full e-flex e-con e-parent\" data-id=\"dce685c\" data-element_type=\"container\" data-settings=\"{&quot;background_background&quot;:&quot;classic&quot;}\">\n\t\t\t\t<div class=\"elementor-element elementor-element-015088d wd-width-100 elementor-widget elementor-widget-wd_title\" data-id=\"015088d\" data-element_type=\"widget\" data-widget_type=\"wd_title.default\">\n\t\t\t\t<div class=\"elementor-widget-container\">\n\t\t\t\t\t\t\t<div class=\"title-wrapper wd-set-mb reset-last-child wd-title-color-default wd-title-style-default wd-title-size-default text-center\">\n\n\t\t\t\n\t\t\t<div class=\"liner-continer\">\n\t\t\t\t<h4 class=\"woodmart-title-container title wd-fontsize-l\">Erstellung eines 3D-Raummodells<\/h4> \n\t\t\t\t\t\t\t<\/div>\n\n\t\t\t\t\t\t\t<div class=\"title-after_title reset-last-child wd-fontsize-xs\">\n\t\t\t\t\t<p>Wir erstellen ein pr\u00e4zises und detailliertes 3D-Modell des Objekts, das als Grundlage f\u00fcr die virtuelle Tour dient.<\/p>\t\t\t\t<\/div>\n\t\t\t\t\t<\/div>\n\t\t\t\t\t\t<\/div>\n\t\t\t\t<\/div>\n\t\t\t\t<\/div>\n\t\t<div class=\"wd-negative-gap elementor-element elementor-element-7a2c31e e-flex e-con-boxed e-con e-parent\" data-id=\"7a2c31e\" data-element_type=\"container\">\n\t\t\t\t\t<div class=\"e-con-inner\">\n\t\t<div class=\"elementor-element elementor-element-2b9049b e-con-full e-flex e-con e-child\" data-id=\"2b9049b\" data-element_type=\"container\">\n\t\t\t\t<div class=\"elementor-element elementor-element-d7f54c7 elementor-widget elementor-widget-wd_image_or_svg\" data-id=\"d7f54c7\" data-element_type=\"widget\" data-widget_type=\"wd_image_or_svg.default\">\n\t\t\t\t<div class=\"elementor-widget-container\">\n\t\t\t\t\t\n\t\t<div class=\"wd-image text-left\">\n\t\t\t\t\t\t\t\t<img fetchpriority=\"high\" decoding=\"async\" width=\"600\" height=\"600\" src=\"https:\/\/marsco.org\/wp-content\/uploads\/2025\/04\/1-600x600.webp\" class=\"attachment-600x600 size-600x600\" alt=\"3D interactive, page, image3, marsco\" srcset=\"https:\/\/marsco.org\/wp-content\/uploads\/2025\/04\/1-600x600.webp 600w, https:\/\/marsco.org\/wp-content\/uploads\/2025\/04\/1-430x430.webp 430w, https:\/\/marsco.org\/wp-content\/uploads\/2025\/04\/1-150x150.webp 150w, https:\/\/marsco.org\/wp-content\/uploads\/2025\/04\/1-700x700.webp 700w, https:\/\/marsco.org\/wp-content\/uploads\/2025\/04\/1-300x300.webp 300w, https:\/\/marsco.org\/wp-content\/uploads\/2025\/04\/1-800x800.webp 800w, https:\/\/marsco.org\/wp-content\/uploads\/2025\/04\/1-768x768.webp 768w, https:\/\/marsco.org\/wp-content\/uploads\/2025\/04\/1.webp 1024w\" sizes=\"(max-width: 600px) 100vw, 600px\" \/>\t\t\t\t\t<\/div>\n\n\t\t\t\t\t\t<\/div>\n\t\t\t\t<\/div>\n\t\t\t\t<\/div>\n\t\t<div class=\"wd-sticky-container-lg elementor-element elementor-element-02359df e-con-full e-flex e-con e-child\" data-id=\"02359df\" data-element_type=\"container\">\n\t\t\t\t<div class=\"elementor-element elementor-element-d44fc50 wd-width-100 elementor-widget elementor-widget-wd_title\" data-id=\"d44fc50\" data-element_type=\"widget\" data-widget_type=\"wd_title.default\">\n\t\t\t\t<div class=\"elementor-widget-container\">\n\t\t\t\t\t\t\t<div class=\"title-wrapper wd-set-mb reset-last-child wd-title-color-default wd-title-style-default wd-title-size-default text-left\">\n\n\t\t\t\n\t\t\t<div class=\"liner-continer\">\n\t\t\t\t<h4 class=\"woodmart-title-container title wd-fontsize-l\">Entwicklung einer interaktiven 3D-Tour<\/h4> \n\t\t\t\t\t\t\t<\/div>\n\n\t\t\t\t\t\t\t<div class=\"title-after_title reset-last-child wd-fontsize-xs\">\n\t\t\t\t\t<p>In dieser Phase wird das statische 3D-Modell in eine vollwertige virtuelle Tour umgewandelt, die Bewegung, detaillierte Erkundung und Interaktion mit Objekten erm\u00f6glicht.<\/p>\u00a0\u00a0\u00a0\t\t\t\t<\/div>\n\t\t\t\t\t<\/div>\n\t\t\t\t\t\t<\/div>\n\t\t\t\t<\/div>\n\t\t\t\t<\/div>\n\t\t\t\t\t<\/div>\n\t\t\t\t<\/div>\n\t\t<div class=\"wd-negative-gap elementor-element elementor-element-52c8746 e-flex e-con-boxed e-con e-parent\" data-id=\"52c8746\" data-element_type=\"container\" data-settings=\"{&quot;background_background&quot;:&quot;classic&quot;}\">\n\t\t\t\t\t<div class=\"e-con-inner\">\n\t\t<div class=\"elementor-element elementor-element-fc59c23 e-con-full e-flex e-con e-child\" data-id=\"fc59c23\" data-element_type=\"container\">\n\t\t\t\t<div class=\"elementor-element elementor-element-a157a63 wd-width-100 elementor-widget elementor-widget-wd_title\" data-id=\"a157a63\" data-element_type=\"widget\" data-widget_type=\"wd_title.default\">\n\t\t\t\t<div class=\"elementor-widget-container\">\n\t\t\t\t\t\t\t<div class=\"title-wrapper wd-set-mb reset-last-child wd-title-color-default wd-title-style-default wd-title-size-default text-left\">\n\n\t\t\t\n\t\t\t<div class=\"liner-continer\">\n\t\t\t\t<h4 class=\"woodmart-title-container title wd-fontsize-l\">Optimierung und Anpassung<\/h4> \n\t\t\t\t\t\t\t<\/div>\n\n\t\t\t\t\t\t\t<div class=\"title-after_title reset-last-child wd-fontsize-xs\">\n\t\t\t\t\t<p>Damit die 3D-Tour auf allen Ger\u00e4ten fl\u00fcssig und ohne Verz\u00f6gerungen l\u00e4uft, optimieren wir sie f\u00fcr verschiedene Plattformen \u2013 einschlie\u00dflich Browser (Chrome, Firefox, Safari) und Mobilger\u00e4te (Android, iOS)<\/p>\t\t\t\t<\/div>\n\t\t\t\t\t<\/div>\n\t\t\t\t\t\t<\/div>\n\t\t\t\t<\/div>\n\t\t\t\t<\/div>\n\t\t<div class=\"elementor-element elementor-element-462dadd e-con-full e-flex e-con e-child\" data-id=\"462dadd\" data-element_type=\"container\">\n\t\t\t\t<\/div>\n\t\t\t\t\t<\/div>\n\t\t\t\t<\/div>\n\t\t<div class=\"wd-negative-gap elementor-element elementor-element-886020e e-flex e-con-boxed e-con e-parent\" data-id=\"886020e\" data-element_type=\"container\">\n\t\t\t\t\t<div class=\"e-con-inner\">\n\t\t\t\t<div class=\"elementor-element elementor-element-7824b5c wd-width-100 elementor-widget elementor-widget-wd_title\" data-id=\"7824b5c\" data-element_type=\"widget\" data-widget_type=\"wd_title.default\">\n\t\t\t\t<div class=\"elementor-widget-container\">\n\t\t\t\t\t\t\t<div class=\"title-wrapper wd-set-mb reset-last-child wd-title-color-default wd-title-style-default wd-title-size-default text-center\">\n\n\t\t\t\n\t\t\t<div class=\"liner-continer\">\n\t\t\t\t<h4 class=\"woodmart-title-container title wd-fontsize-l\">Tests und finale Anpassungen<br \/>\n<\/h4> \n\t\t\t\t\t\t\t<\/div>\n\n\t\t\t\t\t\t\t<div class=\"title-after_title reset-last-child wd-fontsize-xs\">\n\t\t\t\t\t<p>Bevor die 3D-Tour ver\u00f6ffentlicht wird, f\u00fchren wir umfassende Tests durch, um eine stabile Performance, fl\u00fcssige Navigation und korrekte Darstellung auf allen Endger\u00e4ten zu garantieren.<\/p>\t\t\t\t<\/div>\n\t\t\t\t\t<\/div>\n\t\t\t\t\t\t<\/div>\n\t\t\t\t<\/div>\n\t\t\t\t<div class=\"elementor-element elementor-element-1d9bbec wd-width-100 elementor-widget elementor-widget-wd_title\" data-id=\"1d9bbec\" data-element_type=\"widget\" data-widget_type=\"wd_title.default\">\n\t\t\t\t<div class=\"elementor-widget-container\">\n\t\t\t\t\t\t\t<div class=\"title-wrapper wd-set-mb reset-last-child wd-title-color-default wd-title-style-default wd-title-size-default text-center\">\n\n\t\t\t\n\t\t\t<div class=\"liner-continer\">\n\t\t\t\t<h4 class=\"woodmart-title-container title wd-fontsize-l\"><br \/>\n<\/h4> \n\t\t\t\t\t\t\t<\/div>\n\n\t\t\t\t\t\t\t<div class=\"title-after_title reset-last-child wd-fontsize-xs\">\n\t\t\t\t\t<p>Vor dem Start der 3D-Tour f\u00fchren wir Tests durch, um die stabile Leistung, die reibungslose Navigation und die korrekte Anzeige auf allen Ger\u00e4ten sicherzustellen.Vor dem Start der 3D-Tour f\u00fchren wir Tests durch, um die stabile Leistung, die reibungslose Navigation und die korrekte Anzeige auf allen Ger\u00e4ten sicherzustellen.Vor dem Start der 3D-Tour f\u00fchren wir Tests durch, um die stabile Leistung, die reibungslose Navigation und die korrekte Anzeige auf allen Ger\u00e4ten sicherzustellen.Vor dem Start der 3D-Tour f\u00fchren wir Tests durch, um die stabile Leistung, die reibungslose Navigation und die korrekte Anzeige auf allen Ger\u00e4ten sicherzustellen.<\/p>\t\t\t\t<\/div>\n\t\t\t\t\t<\/div>\n\t\t\t\t\t\t<\/div>\n\t\t\t\t<\/div>\n\t\t\t\t\t<\/div>\n\t\t\t\t<\/div>\n\t\t<div class=\"wd-negative-gap elementor-element elementor-element-9df3150 wd-section-stretch e-flex e-con-boxed e-con e-parent\" data-id=\"9df3150\" data-element_type=\"container\" data-settings=\"{&quot;background_background&quot;:&quot;classic&quot;}\">\n\t\t\t\t\t<div class=\"e-con-inner\">\n\t\t<div class=\"wd-sticky-container-lg elementor-element elementor-element-c655d02 e-con-full e-flex e-con e-child\" data-id=\"c655d02\" data-element_type=\"container\">\n\t\t\t\t<div class=\"elementor-element elementor-element-4ba7822 wd-width-100 elementor-widget elementor-widget-wd_title\" data-id=\"4ba7822\" data-element_type=\"widget\" data-widget_type=\"wd_title.default\">\n\t\t\t\t<div class=\"elementor-widget-container\">\n\t\t\t\t\t\t\t<div class=\"title-wrapper wd-set-mb reset-last-child wd-title-color-default wd-title-style-default wd-title-size-default text-center\">\n\n\t\t\t\n\t\t\t<div class=\"liner-continer\">\n\t\t\t\t<h4 class=\"woodmart-title-container title wd-fontsize-l\">Kontakt<\/h4> \n\t\t\t\t\t\t\t<\/div>\n\n\t\t\t\t\t\t\t<div class=\"title-after_title reset-last-child wd-fontsize-xs\">\n\t\t\t\t\t<p><strong>Haben Sie Fragen oder Anregungen? Wir sind f\u00fcr Sie da!<\/strong><strong><br \/>Nutzen Sie das Kontaktformular, schreiben Sie uns eine E-Mail \u2013 wir melden uns umgehend bei Ihnen.<\/strong><\/p>\t\t\t\t<\/div>\n\t\t\t\t\t<\/div>\n\t\t\t\t\t\t<\/div>\n\t\t\t\t<\/div>\n\t\t\t\t<div class=\"elementor-element elementor-element-af8bc40 elementor-button-info elementor-align-center elementor-widget elementor-widget-button\" data-id=\"af8bc40\" data-element_type=\"widget\" data-widget_type=\"button.default\">\n\t\t\t\t<div class=\"elementor-widget-container\">\n\t\t\t\t\t\t\t\t\t<div class=\"elementor-button-wrapper\">\n\t\t\t\t\t<a class=\"elementor-button elementor-button-link elementor-size-sm\" href=\"https:\/\/marsco.org\/de\/kontaktieren-sie-uns\/\">\n\t\t\t\t\t\t<span class=\"elementor-button-content-wrapper\">\n\t\t\t\t\t\t\t\t\t<span class=\"elementor-button-text\">ANGEBOT EINHOLEN<\/span>\n\t\t\t\t\t<\/span>\n\t\t\t\t\t<\/a>\n\t\t\t\t<\/div>\n\t\t\t\t\t\t\t\t<\/div>\n\t\t\t\t<\/div>\n\t\t\t\t<\/div>\n\t\t\t\t\t<\/div>\n\t\t\t\t<\/div>\n\t\t\t\t<\/div>\n\t\t","protected":false},"excerpt":{"rendered":"<p>3D-Tour Interaktive 3D-Touren bieten ein virtuelles Begehungserlebnis und vermitteln ein starkes Pr\u00e4senzgef\u00fchl. Sie eignen sich ideal f\u00fcr Immobilien, Ausstellungen, Industrieanlagen,<\/p>\n","protected":false},"author":1,"featured_media":24425,"parent":0,"menu_order":0,"comment_status":"closed","ping_status":"closed","template":"","meta":{"footnotes":""},"class_list":["post-25063","page","type-page","status-publish","has-post-thumbnail","hentry"],"yoast_head":"<!-- This site is optimized with the Yoast SEO plugin v26.2 - https:\/\/yoast.com\/wordpress\/plugins\/seo\/ -->\n<title>3D-Tour f\u00fcr Produkte und R\u00e4ume | Interaktive virtuelle Erfahrung | Marsco<\/title>\n<meta name=\"description\" content=\"Wir erstellen interaktive 3D-Touren f\u00fcr Produkte, Innenr\u00e4ume und Ausstellungsr\u00e4ume. Ideal f\u00fcr Websites, Marketing und Kundenpr\u00e4sentationen.\" \/>\n<meta name=\"robots\" content=\"index, follow, max-snippet:-1, max-image-preview:large, max-video-preview:-1\" \/>\n<link rel=\"canonical\" href=\"https:\/\/marsco.org\/de\/3d-tour\/\" \/>\n<meta property=\"og:locale\" content=\"de_DE\" \/>\n<meta property=\"og:type\" content=\"article\" \/>\n<meta property=\"og:title\" content=\"3D-Tour f\u00fcr Produkte und R\u00e4ume | Interaktive virtuelle Erfahrung | Marsco\" \/>\n<meta property=\"og:description\" content=\"Wir erstellen interaktive 3D-Touren f\u00fcr Produkte, Innenr\u00e4ume und Ausstellungsr\u00e4ume. Ideal f\u00fcr Websites, Marketing und Kundenpr\u00e4sentationen.\" \/>\n<meta property=\"og:url\" content=\"https:\/\/marsco.org\/de\/3d-tour\/\" \/>\n<meta property=\"og:site_name\" content=\"Marsco\" \/>\n<meta property=\"article:modified_time\" content=\"2025-05-27T15:28:30+00:00\" \/>\n<meta property=\"og:image\" content=\"https:\/\/marsco.org\/wp-content\/uploads\/2025\/04\/1.webp\" \/>\n\t<meta property=\"og:image:width\" content=\"1024\" \/>\n\t<meta property=\"og:image:height\" content=\"1024\" \/>\n\t<meta property=\"og:image:type\" content=\"image\/webp\" \/>\n<meta name=\"twitter:card\" content=\"summary_large_image\" \/>\n<meta name=\"twitter:label1\" content=\"Gesch\u00e4tzte Lesezeit\" \/>\n\t<meta name=\"twitter:data1\" content=\"2\u00a0Minuten\" \/>\n<script type=\"application\/ld+json\" class=\"yoast-schema-graph\">{\"@context\":\"https:\/\/schema.org\",\"@graph\":[{\"@type\":\"WebPage\",\"@id\":\"https:\/\/marsco.org\/de\/3d-tour\/\",\"url\":\"https:\/\/marsco.org\/de\/3d-tour\/\",\"name\":\"3D-Tour f\u00fcr Produkte und R\u00e4ume | Interaktive virtuelle Erfahrung | Marsco\",\"isPartOf\":{\"@id\":\"https:\/\/marsco.org\/de\/#website\"},\"primaryImageOfPage\":{\"@id\":\"https:\/\/marsco.org\/de\/3d-tour\/#primaryimage\"},\"image\":{\"@id\":\"https:\/\/marsco.org\/de\/3d-tour\/#primaryimage\"},\"thumbnailUrl\":\"https:\/\/marsco.org\/wp-content\/uploads\/2025\/04\/1.webp\",\"datePublished\":\"2025-04-01T15:56:29+00:00\",\"dateModified\":\"2025-05-27T15:28:30+00:00\",\"description\":\"Wir erstellen interaktive 3D-Touren f\u00fcr Produkte, Innenr\u00e4ume und Ausstellungsr\u00e4ume. Ideal f\u00fcr Websites, Marketing und Kundenpr\u00e4sentationen.\",\"breadcrumb\":{\"@id\":\"https:\/\/marsco.org\/de\/3d-tour\/#breadcrumb\"},\"inLanguage\":\"de\",\"potentialAction\":[{\"@type\":\"ReadAction\",\"target\":[\"https:\/\/marsco.org\/de\/3d-tour\/\"]}]},{\"@type\":\"ImageObject\",\"inLanguage\":\"de\",\"@id\":\"https:\/\/marsco.org\/de\/3d-tour\/#primaryimage\",\"url\":\"https:\/\/marsco.org\/wp-content\/uploads\/2025\/04\/1.webp\",\"contentUrl\":\"https:\/\/marsco.org\/wp-content\/uploads\/2025\/04\/1.webp\",\"width\":1024,\"height\":1024,\"caption\":\"3D interactive, page, image3, marsco\"},{\"@type\":\"BreadcrumbList\",\"@id\":\"https:\/\/marsco.org\/de\/3d-tour\/#breadcrumb\",\"itemListElement\":[{\"@type\":\"ListItem\",\"position\":1,\"name\":\"Home\",\"item\":\"https:\/\/marsco.org\/de\/\"},{\"@type\":\"ListItem\",\"position\":2,\"name\":\"3d Tour\"}]},{\"@type\":\"WebSite\",\"@id\":\"https:\/\/marsco.org\/de\/#website\",\"url\":\"https:\/\/marsco.org\/de\/\",\"name\":\"Marsco\",\"description\":\"3D graphics, 3D tours, websites, and SEO \u2013 a full-cycle solution for your business | Marsco\",\"publisher\":{\"@id\":\"https:\/\/marsco.org\/de\/#\/schema\/person\/015f95afbd56e44f7f422c5906e06217\"},\"potentialAction\":[{\"@type\":\"SearchAction\",\"target\":{\"@type\":\"EntryPoint\",\"urlTemplate\":\"https:\/\/marsco.org\/de\/?s={search_term_string}\"},\"query-input\":{\"@type\":\"PropertyValueSpecification\",\"valueRequired\":true,\"valueName\":\"search_term_string\"}}],\"inLanguage\":\"de\"},{\"@type\":[\"Person\",\"Organization\"],\"@id\":\"https:\/\/marsco.org\/de\/#\/schema\/person\/015f95afbd56e44f7f422c5906e06217\",\"name\":\"admin\",\"image\":{\"@type\":\"ImageObject\",\"inLanguage\":\"de\",\"@id\":\"https:\/\/marsco.org\/de\/#\/schema\/person\/image\/\",\"url\":\"https:\/\/marsco.org\/wp-content\/uploads\/2025\/05\/logo2.webp\",\"contentUrl\":\"https:\/\/marsco.org\/wp-content\/uploads\/2025\/05\/logo2.webp\",\"width\":510,\"height\":127,\"caption\":\"admin\"},\"logo\":{\"@id\":\"https:\/\/marsco.org\/de\/#\/schema\/person\/image\/\"},\"sameAs\":[\"https:\/\/marsco.org\"]}]}<\/script>\n<!-- \/ Yoast SEO plugin. -->","yoast_head_json":{"title":"3D-Tour f\u00fcr Produkte und R\u00e4ume | Interaktive virtuelle Erfahrung | Marsco","description":"Wir erstellen interaktive 3D-Touren f\u00fcr Produkte, Innenr\u00e4ume und Ausstellungsr\u00e4ume. Ideal f\u00fcr Websites, Marketing und Kundenpr\u00e4sentationen.","robots":{"index":"index","follow":"follow","max-snippet":"max-snippet:-1","max-image-preview":"max-image-preview:large","max-video-preview":"max-video-preview:-1"},"canonical":"https:\/\/marsco.org\/de\/3d-tour\/","og_locale":"de_DE","og_type":"article","og_title":"3D-Tour f\u00fcr Produkte und R\u00e4ume | Interaktive virtuelle Erfahrung | Marsco","og_description":"Wir erstellen interaktive 3D-Touren f\u00fcr Produkte, Innenr\u00e4ume und Ausstellungsr\u00e4ume. Ideal f\u00fcr Websites, Marketing und Kundenpr\u00e4sentationen.","og_url":"https:\/\/marsco.org\/de\/3d-tour\/","og_site_name":"Marsco","article_modified_time":"2025-05-27T15:28:30+00:00","og_image":[{"width":1024,"height":1024,"url":"https:\/\/marsco.org\/wp-content\/uploads\/2025\/04\/1.webp","type":"image\/webp"}],"twitter_card":"summary_large_image","twitter_misc":{"Gesch\u00e4tzte Lesezeit":"2\u00a0Minuten"},"schema":{"@context":"https:\/\/schema.org","@graph":[{"@type":"WebPage","@id":"https:\/\/marsco.org\/de\/3d-tour\/","url":"https:\/\/marsco.org\/de\/3d-tour\/","name":"3D-Tour f\u00fcr Produkte und R\u00e4ume | Interaktive virtuelle Erfahrung | Marsco","isPartOf":{"@id":"https:\/\/marsco.org\/de\/#website"},"primaryImageOfPage":{"@id":"https:\/\/marsco.org\/de\/3d-tour\/#primaryimage"},"image":{"@id":"https:\/\/marsco.org\/de\/3d-tour\/#primaryimage"},"thumbnailUrl":"https:\/\/marsco.org\/wp-content\/uploads\/2025\/04\/1.webp","datePublished":"2025-04-01T15:56:29+00:00","dateModified":"2025-05-27T15:28:30+00:00","description":"Wir erstellen interaktive 3D-Touren f\u00fcr Produkte, Innenr\u00e4ume und Ausstellungsr\u00e4ume. Ideal f\u00fcr Websites, Marketing und Kundenpr\u00e4sentationen.","breadcrumb":{"@id":"https:\/\/marsco.org\/de\/3d-tour\/#breadcrumb"},"inLanguage":"de","potentialAction":[{"@type":"ReadAction","target":["https:\/\/marsco.org\/de\/3d-tour\/"]}]},{"@type":"ImageObject","inLanguage":"de","@id":"https:\/\/marsco.org\/de\/3d-tour\/#primaryimage","url":"https:\/\/marsco.org\/wp-content\/uploads\/2025\/04\/1.webp","contentUrl":"https:\/\/marsco.org\/wp-content\/uploads\/2025\/04\/1.webp","width":1024,"height":1024,"caption":"3D interactive, page, image3, marsco"},{"@type":"BreadcrumbList","@id":"https:\/\/marsco.org\/de\/3d-tour\/#breadcrumb","itemListElement":[{"@type":"ListItem","position":1,"name":"Home","item":"https:\/\/marsco.org\/de\/"},{"@type":"ListItem","position":2,"name":"3d Tour"}]},{"@type":"WebSite","@id":"https:\/\/marsco.org\/de\/#website","url":"https:\/\/marsco.org\/de\/","name":"Marsco","description":"3D graphics, 3D tours, websites, and SEO \u2013 a full-cycle solution for your business | Marsco","publisher":{"@id":"https:\/\/marsco.org\/de\/#\/schema\/person\/015f95afbd56e44f7f422c5906e06217"},"potentialAction":[{"@type":"SearchAction","target":{"@type":"EntryPoint","urlTemplate":"https:\/\/marsco.org\/de\/?s={search_term_string}"},"query-input":{"@type":"PropertyValueSpecification","valueRequired":true,"valueName":"search_term_string"}}],"inLanguage":"de"},{"@type":["Person","Organization"],"@id":"https:\/\/marsco.org\/de\/#\/schema\/person\/015f95afbd56e44f7f422c5906e06217","name":"admin","image":{"@type":"ImageObject","inLanguage":"de","@id":"https:\/\/marsco.org\/de\/#\/schema\/person\/image\/","url":"https:\/\/marsco.org\/wp-content\/uploads\/2025\/05\/logo2.webp","contentUrl":"https:\/\/marsco.org\/wp-content\/uploads\/2025\/05\/logo2.webp","width":510,"height":127,"caption":"admin"},"logo":{"@id":"https:\/\/marsco.org\/de\/#\/schema\/person\/image\/"},"sameAs":["https:\/\/marsco.org"]}]}},"_links":{"self":[{"href":"https:\/\/marsco.org\/de\/wp-json\/wp\/v2\/pages\/25063","targetHints":{"allow":["GET"]}}],"collection":[{"href":"https:\/\/marsco.org\/de\/wp-json\/wp\/v2\/pages"}],"about":[{"href":"https:\/\/marsco.org\/de\/wp-json\/wp\/v2\/types\/page"}],"author":[{"embeddable":true,"href":"https:\/\/marsco.org\/de\/wp-json\/wp\/v2\/users\/1"}],"replies":[{"embeddable":true,"href":"https:\/\/marsco.org\/de\/wp-json\/wp\/v2\/comments?post=25063"}],"version-history":[{"count":20,"href":"https:\/\/marsco.org\/de\/wp-json\/wp\/v2\/pages\/25063\/revisions"}],"predecessor-version":[{"id":25465,"href":"https:\/\/marsco.org\/de\/wp-json\/wp\/v2\/pages\/25063\/revisions\/25465"}],"wp:featuredmedia":[{"embeddable":true,"href":"https:\/\/marsco.org\/de\/wp-json\/wp\/v2\/media\/24425"}],"wp:attachment":[{"href":"https:\/\/marsco.org\/de\/wp-json\/wp\/v2\/media?parent=25063"}],"curies":[{"name":"wp","href":"https:\/\/api.w.org\/{rel}","templated":true}]}}