{"id":25065,"date":"2025-04-04T09:05:49","date_gmt":"2025-04-04T09:05:49","guid":{"rendered":"https:\/\/marsco.org\/3d-interaktiv\/"},"modified":"2025-05-27T15:28:02","modified_gmt":"2025-05-27T15:28:02","slug":"3d-interaktiv","status":"publish","type":"page","link":"https:\/\/marsco.org\/de\/3d-interaktiv\/","title":{"rendered":"3D interaktiv"},"content":{"rendered":"\t\t<div data-elementor-type=\"wp-page\" data-elementor-id=\"25065\" class=\"elementor elementor-25065 elementor-23969\" data-elementor-post-type=\"page\">\n\t\t\t\t\t\t<section class=\"wd-negative-gap elementor-section elementor-top-section elementor-element elementor-element-3f8f2c0 wd-section-stretch elementor-section-boxed elementor-section-height-default elementor-section-height-default\" data-id=\"3f8f2c0\" data-element_type=\"section\" data-settings=\"{&quot;background_background&quot;:&quot;classic&quot;}\">\n\t\t\t\t\t\t\t<div class=\"elementor-background-overlay\"><\/div>\n\t\t\t\t\t\t\t<div class=\"elementor-container elementor-column-gap-default\">\n\t\t\t\t\t<div class=\"elementor-column elementor-col-100 elementor-top-column elementor-element elementor-element-70e6621 color-scheme-light\" data-id=\"70e6621\" data-element_type=\"column\">\n\t\t\t<div class=\"elementor-widget-wrap elementor-element-populated\">\n\t\t\t\t\t\t<div class=\"elementor-element elementor-element-01cc5c9 wd-width-100 elementor-widget elementor-widget-wd_title\" data-id=\"01cc5c9\" data-element_type=\"widget\" data-widget_type=\"wd_title.default\">\n\t\t\t\t<div class=\"elementor-widget-container\">\n\t\t\t\t\t\t\t<div class=\"title-wrapper wd-set-mb reset-last-child wd-title-color-white wd-title-style-default wd-title-size-large text-center\">\n\n\t\t\t\n\t\t\t<div class=\"liner-continer\">\n\t\t\t\t<h4 class=\"woodmart-title-container title wd-fontsize-xxl\">Interaktive 3D-Inhalte f\u00fcr Ihr Unternehmen<\/h4> \n\t\t\t\t\t\t\t<\/div>\n\n\t\t\t\t\t\t\t<div class=\"title-after_title reset-last-child wd-fontsize-s\">\n\t\t\t\t\t<p>Fesseln Sie Ihr Publikum Mit interaktiven 3D-Pr\u00e4sentationen, Produktkonfiguratoren und Schritt-f\u00fcr-Schritt-Anleitungen \u2013 direkt im Browser, ohne Downloads. Heben Sie Ihr Angebot hervor, vereinfachen Sie den Kaufprozess und verwandeln Sie Besucher in Kunden.<\/p>\t\t\t\t<\/div>\n\t\t\t\t\t<\/div>\n\t\t\t\t\t\t<\/div>\n\t\t\t\t<\/div>\n\t\t\t\t\t<\/div>\n\t\t<\/div>\n\t\t\t\t\t<\/div>\n\t\t<\/section>\n\t\t<div class=\"wd-negative-gap elementor-element elementor-element-7db4ca7 e-flex e-con-boxed e-con e-parent\" data-id=\"7db4ca7\" data-element_type=\"container\">\n\t\t\t\t\t<div class=\"e-con-inner\">\n\t\t<div class=\"wd-sticky-container-lg elementor-element elementor-element-cf63c6d e-con-full e-flex e-con e-child\" data-id=\"cf63c6d\" data-element_type=\"container\">\n\t\t\t\t<div class=\"elementor-element elementor-element-2502671 wd-width-100 elementor-widget elementor-widget-wd_title\" data-id=\"2502671\" data-element_type=\"widget\" data-widget_type=\"wd_title.default\">\n\t\t\t\t<div class=\"elementor-widget-container\">\n\t\t\t\t\t\t\t<div class=\"title-wrapper wd-set-mb reset-last-child wd-title-color-default wd-title-style-default wd-title-size-default text-left\">\n\n\t\t\t\n\t\t\t<div class=\"liner-continer\">\n\t\t\t\t<h4 class=\"woodmart-title-container title wd-fontsize-l\">Interaktive 3D-Pr\u00e4sentationen<\/h4> \n\t\t\t\t\t\t\t<\/div>\n\n\t\t\t\t\t\t\t<div class=\"title-after_title reset-last-child wd-fontsize-xs\">\n\t\t\t\t\t<p>Begeistern Sie Ihre Kunden mit immersiven, interaktiven 3D-Pr\u00e4sentationen. Dieses moderne Visualisierungstool erm\u00f6glicht es Nutzern, Ihr Produkt oder Projekt zu drehen, heranzuzoomen und aus jedem Winkel zu betrachten \u2013 direkt im Browser. Ideal zur Pr\u00e4sentation von Architekturentw\u00fcrfen, Maschinen, Innenr\u00e4umen und anderen komplexen Objekten.<\/p>\t\t\t\t<\/div>\n\t\t\t\t\t<\/div>\n\t\t\t\t\t\t<\/div>\n\t\t\t\t<\/div>\n\t\t\t\t<\/div>\n\t\t<div class=\"elementor-element elementor-element-d08ef6c e-con-full e-flex e-con e-child\" data-id=\"d08ef6c\" data-element_type=\"container\">\n\t\t\t\t<div class=\"elementor-element elementor-element-4a39537 elementor-widget elementor-widget-wd_image_or_svg\" data-id=\"4a39537\" data-element_type=\"widget\" data-widget_type=\"wd_image_or_svg.default\">\n\t\t\t\t<div class=\"elementor-widget-container\">\n\t\t\t\t\t\n\t\t<div class=\"wd-image text-left\">\n\t\t\t\t\t\t\t\t<img fetchpriority=\"high\" decoding=\"async\" width=\"1024\" height=\"1024\" src=\"https:\/\/marsco.org\/wp-content\/uploads\/2025\/04\/1.webp\" class=\"attachment-full size-full\" alt=\"3D interactive, page, image3, marsco\" srcset=\"https:\/\/marsco.org\/wp-content\/uploads\/2025\/04\/1.webp 1024w, https:\/\/marsco.org\/wp-content\/uploads\/2025\/04\/1-430x430.webp 430w, https:\/\/marsco.org\/wp-content\/uploads\/2025\/04\/1-150x150.webp 150w, https:\/\/marsco.org\/wp-content\/uploads\/2025\/04\/1-700x700.webp 700w, https:\/\/marsco.org\/wp-content\/uploads\/2025\/04\/1-300x300.webp 300w, https:\/\/marsco.org\/wp-content\/uploads\/2025\/04\/1-800x800.webp 800w, https:\/\/marsco.org\/wp-content\/uploads\/2025\/04\/1-768x768.webp 768w, https:\/\/marsco.org\/wp-content\/uploads\/2025\/04\/1-600x600.webp 600w\" sizes=\"(max-width: 1024px) 100vw, 1024px\" \/>\t\t\t\t\t<\/div>\n\n\t\t\t\t\t\t<\/div>\n\t\t\t\t<\/div>\n\t\t\t\t<\/div>\n\t\t\t\t\t<\/div>\n\t\t\t\t<\/div>\n\t\t<div class=\"wd-negative-gap elementor-element elementor-element-8745ab1 e-flex e-con-boxed e-con e-parent\" data-id=\"8745ab1\" data-element_type=\"container\">\n\t\t\t\t\t<div class=\"e-con-inner\">\n\t\t<div class=\"elementor-element elementor-element-456db9d e-con-full e-flex e-con e-child\" data-id=\"456db9d\" data-element_type=\"container\">\n\t\t\t\t<div class=\"elementor-element elementor-element-30afd4e elementor-widget elementor-widget-wd_image_or_svg\" data-id=\"30afd4e\" data-element_type=\"widget\" data-widget_type=\"wd_image_or_svg.default\">\n\t\t\t\t<div class=\"elementor-widget-container\">\n\t\t\t\t\t\n\t\t<div class=\"wd-image text-center\">\n\t\t\t\t\t\t\t\t<img decoding=\"async\" width=\"450\" height=\"700\" src=\"https:\/\/marsco.org\/wp-content\/uploads\/2025\/03\/post-3-gallery-3-min.jpg\" class=\"attachment-full size-full\" alt=\"3D interactive, page, image2, marsco\" srcset=\"https:\/\/marsco.org\/wp-content\/uploads\/2025\/03\/post-3-gallery-3-min.jpg 450w, https:\/\/marsco.org\/wp-content\/uploads\/2025\/03\/post-3-gallery-3-min-430x669.jpg 430w, https:\/\/marsco.org\/wp-content\/uploads\/2025\/03\/post-3-gallery-3-min-150x233.jpg 150w, https:\/\/marsco.org\/wp-content\/uploads\/2025\/03\/post-3-gallery-3-min-193x300.jpg 193w\" sizes=\"(max-width: 450px) 100vw, 450px\" \/>\t\t\t\t\t<\/div>\n\n\t\t\t\t\t\t<\/div>\n\t\t\t\t<\/div>\n\t\t\t\t<\/div>\n\t\t<div class=\"wd-sticky-container-lg elementor-element elementor-element-b1c63e3 e-con-full e-flex e-con e-child\" data-id=\"b1c63e3\" data-element_type=\"container\">\n\t\t\t\t<div class=\"elementor-element elementor-element-ef883a5 wd-width-100 elementor-widget elementor-widget-wd_title\" data-id=\"ef883a5\" data-element_type=\"widget\" data-widget_type=\"wd_title.default\">\n\t\t\t\t<div class=\"elementor-widget-container\">\n\t\t\t\t\t\t\t<div class=\"title-wrapper wd-set-mb reset-last-child wd-title-color-default wd-title-style-default wd-title-size-default text-left\">\n\n\t\t\t\n\t\t\t<div class=\"liner-continer\">\n\t\t\t\t<h4 class=\"woodmart-title-container title wd-fontsize-l\">3D-Konfiguratoren<\/h4> \n\t\t\t\t\t\t\t<\/div>\n\n\t\t\t\t\t\t\t<div class=\"title-after_title reset-last-child wd-fontsize-xs\">\n\t\t\t\t\t<p>Erm\u00f6glichen Sie Ihren Kunden, ihr perfektes Produkt mit einem 3D-Konfigurator zu gestalten. Nutzer k\u00f6nnen Materialien, Farben und Spezifikationen in Echtzeit ausw\u00e4hlen und das Ergebnis sofort in 3D sehen.<br \/>Dies steigert die Kundenbindung, beschleunigt die Entscheidungsfindung und macht den Auswahlprozess transparent und unterhaltsam.<\/p>\t\t\t\t<\/div>\n\t\t\t\t\t<\/div>\n\t\t\t\t\t\t<\/div>\n\t\t\t\t<\/div>\n\t\t\t\t<\/div>\n\t\t\t\t\t<\/div>\n\t\t\t\t<\/div>\n\t\t<div class=\"wd-negative-gap elementor-element elementor-element-56ead40 e-flex e-con-boxed e-con e-parent\" data-id=\"56ead40\" data-element_type=\"container\">\n\t\t\t\t\t<div class=\"e-con-inner\">\n\t\t<div class=\"wd-sticky-container-lg elementor-element elementor-element-bb76bcf e-con-full e-flex e-con e-child\" data-id=\"bb76bcf\" data-element_type=\"container\">\n\t\t\t\t<div class=\"elementor-element elementor-element-8b0d8a0 wd-width-100 elementor-widget elementor-widget-wd_title\" data-id=\"8b0d8a0\" data-element_type=\"widget\" data-widget_type=\"wd_title.default\">\n\t\t\t\t<div class=\"elementor-widget-container\">\n\t\t\t\t\t\t\t<div class=\"title-wrapper wd-set-mb reset-last-child wd-title-color-default wd-title-style-default wd-title-size-default text-left\">\n\n\t\t\t\n\t\t\t<div class=\"liner-continer\">\n\t\t\t\t<h4 class=\"woodmart-title-container title wd-fontsize-l\">Interaktive 3D-Anleitungen<\/h4> \n\t\t\t\t\t\t\t<\/div>\n\n\t\t\t\t\t\t\t<div class=\"title-after_title reset-last-child wd-fontsize-xs\">\n\t\t\t\t\t<p>Vereinfachen Sie komplexe Aufgaben mit interaktiven 3D-Anleitungen. Benutzer k\u00f6nnen schrittweise Anweisungen f\u00fcr Montage, Installation oder Bedienung verfolgen.<br \/>Dieses Format ersetzt umst\u00e4ndliche Textanleitungen und reduziert das Fehlerrisiko bei der Produktnutzung.<\/p><p><a href=\"https:\/\/www.youtube.com\/watch?v=1gqcc0Ptr94&amp;ab_channel=Marsco%283DAssemblyVideos%29\">Video ansehen<\/a><\/p>\t\t\t\t<\/div>\n\t\t\t\t\t<\/div>\n\t\t\t\t\t\t<\/div>\n\t\t\t\t<\/div>\n\t\t\t\t<\/div>\n\t\t<div class=\"elementor-element elementor-element-301d47b e-con-full e-flex e-con e-child\" data-id=\"301d47b\" data-element_type=\"container\">\n\t\t\t\t<div class=\"elementor-element elementor-element-c917264 elementor-widget elementor-widget-wd_image_or_svg\" data-id=\"c917264\" data-element_type=\"widget\" data-widget_type=\"wd_image_or_svg.default\">\n\t\t\t\t<div class=\"elementor-widget-container\">\n\t\t\t\t\t\n\t\t<div class=\"wd-image text-left\">\n\t\t\t\t\t\t\t\t<img decoding=\"async\" width=\"896\" height=\"897\" src=\"https:\/\/marsco.org\/wp-content\/uploads\/2025\/03\/anim-image-marsco.webp\" class=\"attachment-full size-full\" alt=\"3D interactive, page, image, marsco\" srcset=\"https:\/\/marsco.org\/wp-content\/uploads\/2025\/03\/anim-image-marsco.webp 896w, https:\/\/marsco.org\/wp-content\/uploads\/2025\/03\/anim-image-marsco-430x430.webp 430w, https:\/\/marsco.org\/wp-content\/uploads\/2025\/03\/anim-image-marsco-150x150.webp 150w, https:\/\/marsco.org\/wp-content\/uploads\/2025\/03\/anim-image-marsco-700x701.webp 700w, https:\/\/marsco.org\/wp-content\/uploads\/2025\/03\/anim-image-marsco-300x300.webp 300w, https:\/\/marsco.org\/wp-content\/uploads\/2025\/03\/anim-image-marsco-799x800.webp 799w, https:\/\/marsco.org\/wp-content\/uploads\/2025\/03\/anim-image-marsco-768x769.webp 768w\" sizes=\"(max-width: 896px) 100vw, 896px\" \/>\t\t\t\t\t<\/div>\n\n\t\t\t\t\t\t<\/div>\n\t\t\t\t<\/div>\n\t\t\t\t<\/div>\n\t\t\t\t\t<\/div>\n\t\t\t\t<\/div>\n\t\t<div class=\"wd-negative-gap elementor-element elementor-element-d2e0406 e-flex e-con-boxed e-con e-parent\" data-id=\"d2e0406\" data-element_type=\"container\">\n\t\t\t\t\t<div class=\"e-con-inner\">\n\t\t\t\t<div class=\"elementor-element elementor-element-9b02ed3 elementor-widget elementor-widget-wd_text_block\" data-id=\"9b02ed3\" data-element_type=\"widget\" data-widget_type=\"wd_text_block.default\">\n\t\t\t\t<div class=\"elementor-widget-container\">\n\t\t\t\t\t\t\t<div class=\"wd-text-block reset-last-child text-left\">\n\t\t\t\n\t\t\t<p>Erm\u00f6glichen Sie Ihren Kunden, ihr perfektes Produkt mit einem 3D-Konfigurator zu entwerfen. Benutzer k\u00f6nnen Materialien, Farben und Spezifikationen in Echtzeit ausw\u00e4hlen und das Ergebnis sofort in 3D sehen. Dies f\u00f6rdert das Engagement, beschleunigt die Entscheidungsfindung und macht den Auswahlprozess sowohl klar als auch angenehm. Erm\u00f6glichen Sie Ihren Kunden, ihr perfektes Produkt mit einem 3D-Konfigurator zu entwerfen. Benutzer k\u00f6nnen Materialien, Farben und Spezifikationen in Echtzeit ausw\u00e4hlen und das Ergebnis sofort in 3D sehen. Dies f\u00f6rdert das Engagement, beschleunigt die Entscheidungsfindung und macht den Auswahlprozess sowohl klar als auch angenehm. Erm\u00f6glichen Sie Ihren Kunden, ihr perfektes Produkt mit einem 3D-Konfigurator zu entwerfen. Benutzer k\u00f6nnen Materialien, Farben und Spezifikationen in Echtzeit ausw\u00e4hlen und das Ergebnis sofort in 3D sehen. Dies f\u00f6rdert das Engagement, beschleunigt die Entscheidungsfindung und macht den Auswahlprozess sowohl klar als auch angenehm.<\/p>\n\t\t\t\t\t<\/div>\n\t\t\t\t\t\t<\/div>\n\t\t\t\t<\/div>\n\t\t\t\t\t<\/div>\n\t\t\t\t<\/div>\n\t\t<div class=\"wd-negative-gap elementor-element elementor-element-15fd5fa wd-section-stretch e-flex e-con-boxed e-con e-parent\" data-id=\"15fd5fa\" data-element_type=\"container\" data-settings=\"{&quot;background_background&quot;:&quot;classic&quot;}\">\n\t\t\t\t\t<div class=\"e-con-inner\">\n\t\t<div class=\"wd-sticky-container-lg elementor-element elementor-element-66c974b e-con-full e-flex e-con e-child\" data-id=\"66c974b\" data-element_type=\"container\">\n\t\t\t\t<div class=\"elementor-element elementor-element-cc10717 wd-width-100 elementor-widget elementor-widget-wd_title\" data-id=\"cc10717\" data-element_type=\"widget\" data-widget_type=\"wd_title.default\">\n\t\t\t\t<div class=\"elementor-widget-container\">\n\t\t\t\t\t\t\t<div class=\"title-wrapper wd-set-mb reset-last-child wd-title-color-default wd-title-style-default wd-title-size-default text-center\">\n\n\t\t\t\n\t\t\t<div class=\"liner-continer\">\n\t\t\t\t<h4 class=\"woodmart-title-container title wd-fontsize-l\">Kontakt<\/h4> \n\t\t\t\t\t\t\t<\/div>\n\n\t\t\t\t\t\t\t<div class=\"title-after_title reset-last-child wd-fontsize-xs\">\n\t\t\t\t\t<p><strong>Haben Sie Fragen oder Anregungen? Wir sind f\u00fcr Sie da!<\/strong><strong><br \/>Nutzen Sie das Kontaktformular, schreiben Sie uns eine E-Mail \u2013 wir melden uns umgehend bei Ihnen.<\/strong><\/p>\t\t\t\t<\/div>\n\t\t\t\t\t<\/div>\n\t\t\t\t\t\t<\/div>\n\t\t\t\t<\/div>\n\t\t\t\t<div class=\"elementor-element elementor-element-c531fb5 elementor-button-info elementor-align-center elementor-widget elementor-widget-button\" data-id=\"c531fb5\" data-element_type=\"widget\" data-widget_type=\"button.default\">\n\t\t\t\t<div class=\"elementor-widget-container\">\n\t\t\t\t\t\t\t\t\t<div class=\"elementor-button-wrapper\">\n\t\t\t\t\t<a class=\"elementor-button elementor-button-link elementor-size-sm\" href=\"https:\/\/marsco.org\/de\/kontaktieren-sie-uns\/\">\n\t\t\t\t\t\t<span class=\"elementor-button-content-wrapper\">\n\t\t\t\t\t\t\t\t\t<span class=\"elementor-button-text\">ANGEBOT EINHOLEN<\/span>\n\t\t\t\t\t<\/span>\n\t\t\t\t\t<\/a>\n\t\t\t\t<\/div>\n\t\t\t\t\t\t\t\t<\/div>\n\t\t\t\t<\/div>\n\t\t\t\t<\/div>\n\t\t\t\t\t<\/div>\n\t\t\t\t<\/div>\n\t\t\t\t<\/div>\n\t\t","protected":false},"excerpt":{"rendered":"<p>Interaktive 3D-Inhalte f\u00fcr Ihr Unternehmen Fesseln Sie Ihr Publikum Mit interaktiven 3D-Pr\u00e4sentationen, Produktkonfiguratoren und Schritt-f\u00fcr-Schritt-Anleitungen \u2013 direkt im Browser, ohne<\/p>\n","protected":false},"author":1,"featured_media":24425,"parent":0,"menu_order":0,"comment_status":"closed","ping_status":"closed","template":"","meta":{"footnotes":""},"class_list":["post-25065","page","type-page","status-publish","has-post-thumbnail","hentry"],"yoast_head":"<!-- This site is optimized with the Yoast SEO plugin v26.2 - https:\/\/yoast.com\/wordpress\/plugins\/seo\/ -->\n<title>Interaktives 3D-Produkterlebnis | Kundenspezifische L\u00f6sungen | Marsco<\/title>\n<meta name=\"description\" content=\"Wir erstellen individuelle interaktive 3D-Inhalte f\u00fcr Produkte und Umgebungen. Lassen Sie die Benutzer drehen, zoomen und in Echtzeit erkunden.\" \/>\n<meta name=\"robots\" content=\"index, follow, max-snippet:-1, max-image-preview:large, max-video-preview:-1\" \/>\n<link rel=\"canonical\" href=\"https:\/\/marsco.org\/de\/3d-interaktiv\/\" \/>\n<meta property=\"og:locale\" content=\"de_DE\" \/>\n<meta property=\"og:type\" content=\"article\" \/>\n<meta property=\"og:title\" content=\"Interaktives 3D-Produkterlebnis | Kundenspezifische L\u00f6sungen | Marsco\" \/>\n<meta property=\"og:description\" content=\"Wir erstellen individuelle interaktive 3D-Inhalte f\u00fcr Produkte und Umgebungen. Lassen Sie die Benutzer drehen, zoomen und in Echtzeit erkunden.\" \/>\n<meta property=\"og:url\" content=\"https:\/\/marsco.org\/de\/3d-interaktiv\/\" \/>\n<meta property=\"og:site_name\" content=\"Marsco\" \/>\n<meta property=\"article:modified_time\" content=\"2025-05-27T15:28:02+00:00\" \/>\n<meta property=\"og:image\" content=\"https:\/\/marsco.org\/wp-content\/uploads\/2025\/04\/1.webp\" \/>\n\t<meta property=\"og:image:width\" content=\"1024\" \/>\n\t<meta property=\"og:image:height\" content=\"1024\" \/>\n\t<meta property=\"og:image:type\" content=\"image\/webp\" \/>\n<meta name=\"twitter:card\" content=\"summary_large_image\" \/>\n<meta name=\"twitter:label1\" content=\"Gesch\u00e4tzte Lesezeit\" \/>\n\t<meta name=\"twitter:data1\" content=\"3\u00a0Minuten\" \/>\n<script type=\"application\/ld+json\" class=\"yoast-schema-graph\">{\"@context\":\"https:\/\/schema.org\",\"@graph\":[{\"@type\":\"WebPage\",\"@id\":\"https:\/\/marsco.org\/de\/3d-interaktiv\/\",\"url\":\"https:\/\/marsco.org\/de\/3d-interaktiv\/\",\"name\":\"Interaktives 3D-Produkterlebnis | Kundenspezifische L\u00f6sungen | Marsco\",\"isPartOf\":{\"@id\":\"https:\/\/marsco.org\/de\/#website\"},\"primaryImageOfPage\":{\"@id\":\"https:\/\/marsco.org\/de\/3d-interaktiv\/#primaryimage\"},\"image\":{\"@id\":\"https:\/\/marsco.org\/de\/3d-interaktiv\/#primaryimage\"},\"thumbnailUrl\":\"https:\/\/marsco.org\/wp-content\/uploads\/2025\/04\/1.webp\",\"datePublished\":\"2025-04-04T09:05:49+00:00\",\"dateModified\":\"2025-05-27T15:28:02+00:00\",\"description\":\"Wir erstellen individuelle interaktive 3D-Inhalte f\u00fcr Produkte und Umgebungen. Lassen Sie die Benutzer drehen, zoomen und in Echtzeit erkunden.\",\"breadcrumb\":{\"@id\":\"https:\/\/marsco.org\/de\/3d-interaktiv\/#breadcrumb\"},\"inLanguage\":\"de\",\"potentialAction\":[{\"@type\":\"ReadAction\",\"target\":[\"https:\/\/marsco.org\/de\/3d-interaktiv\/\"]}]},{\"@type\":\"ImageObject\",\"inLanguage\":\"de\",\"@id\":\"https:\/\/marsco.org\/de\/3d-interaktiv\/#primaryimage\",\"url\":\"https:\/\/marsco.org\/wp-content\/uploads\/2025\/04\/1.webp\",\"contentUrl\":\"https:\/\/marsco.org\/wp-content\/uploads\/2025\/04\/1.webp\",\"width\":1024,\"height\":1024,\"caption\":\"3D interactive, page, image3, marsco\"},{\"@type\":\"BreadcrumbList\",\"@id\":\"https:\/\/marsco.org\/de\/3d-interaktiv\/#breadcrumb\",\"itemListElement\":[{\"@type\":\"ListItem\",\"position\":1,\"name\":\"Home\",\"item\":\"https:\/\/marsco.org\/de\/\"},{\"@type\":\"ListItem\",\"position\":2,\"name\":\"3D interaktiv\"}]},{\"@type\":\"WebSite\",\"@id\":\"https:\/\/marsco.org\/de\/#website\",\"url\":\"https:\/\/marsco.org\/de\/\",\"name\":\"Marsco\",\"description\":\"3D graphics, 3D tours, websites, and SEO \u2013 a full-cycle solution for your business | Marsco\",\"publisher\":{\"@id\":\"https:\/\/marsco.org\/de\/#\/schema\/person\/015f95afbd56e44f7f422c5906e06217\"},\"potentialAction\":[{\"@type\":\"SearchAction\",\"target\":{\"@type\":\"EntryPoint\",\"urlTemplate\":\"https:\/\/marsco.org\/de\/?s={search_term_string}\"},\"query-input\":{\"@type\":\"PropertyValueSpecification\",\"valueRequired\":true,\"valueName\":\"search_term_string\"}}],\"inLanguage\":\"de\"},{\"@type\":[\"Person\",\"Organization\"],\"@id\":\"https:\/\/marsco.org\/de\/#\/schema\/person\/015f95afbd56e44f7f422c5906e06217\",\"name\":\"admin\",\"image\":{\"@type\":\"ImageObject\",\"inLanguage\":\"de\",\"@id\":\"https:\/\/marsco.org\/de\/#\/schema\/person\/image\/\",\"url\":\"https:\/\/marsco.org\/wp-content\/uploads\/2025\/05\/logo2.webp\",\"contentUrl\":\"https:\/\/marsco.org\/wp-content\/uploads\/2025\/05\/logo2.webp\",\"width\":510,\"height\":127,\"caption\":\"admin\"},\"logo\":{\"@id\":\"https:\/\/marsco.org\/de\/#\/schema\/person\/image\/\"},\"sameAs\":[\"https:\/\/marsco.org\"]}]}<\/script>\n<!-- \/ Yoast SEO plugin. -->","yoast_head_json":{"title":"Interaktives 3D-Produkterlebnis | Kundenspezifische L\u00f6sungen | Marsco","description":"Wir erstellen individuelle interaktive 3D-Inhalte f\u00fcr Produkte und Umgebungen. Lassen Sie die Benutzer drehen, zoomen und in Echtzeit erkunden.","robots":{"index":"index","follow":"follow","max-snippet":"max-snippet:-1","max-image-preview":"max-image-preview:large","max-video-preview":"max-video-preview:-1"},"canonical":"https:\/\/marsco.org\/de\/3d-interaktiv\/","og_locale":"de_DE","og_type":"article","og_title":"Interaktives 3D-Produkterlebnis | Kundenspezifische L\u00f6sungen | Marsco","og_description":"Wir erstellen individuelle interaktive 3D-Inhalte f\u00fcr Produkte und Umgebungen. Lassen Sie die Benutzer drehen, zoomen und in Echtzeit erkunden.","og_url":"https:\/\/marsco.org\/de\/3d-interaktiv\/","og_site_name":"Marsco","article_modified_time":"2025-05-27T15:28:02+00:00","og_image":[{"width":1024,"height":1024,"url":"https:\/\/marsco.org\/wp-content\/uploads\/2025\/04\/1.webp","type":"image\/webp"}],"twitter_card":"summary_large_image","twitter_misc":{"Gesch\u00e4tzte Lesezeit":"3\u00a0Minuten"},"schema":{"@context":"https:\/\/schema.org","@graph":[{"@type":"WebPage","@id":"https:\/\/marsco.org\/de\/3d-interaktiv\/","url":"https:\/\/marsco.org\/de\/3d-interaktiv\/","name":"Interaktives 3D-Produkterlebnis | Kundenspezifische L\u00f6sungen | Marsco","isPartOf":{"@id":"https:\/\/marsco.org\/de\/#website"},"primaryImageOfPage":{"@id":"https:\/\/marsco.org\/de\/3d-interaktiv\/#primaryimage"},"image":{"@id":"https:\/\/marsco.org\/de\/3d-interaktiv\/#primaryimage"},"thumbnailUrl":"https:\/\/marsco.org\/wp-content\/uploads\/2025\/04\/1.webp","datePublished":"2025-04-04T09:05:49+00:00","dateModified":"2025-05-27T15:28:02+00:00","description":"Wir erstellen individuelle interaktive 3D-Inhalte f\u00fcr Produkte und Umgebungen. Lassen Sie die Benutzer drehen, zoomen und in Echtzeit erkunden.","breadcrumb":{"@id":"https:\/\/marsco.org\/de\/3d-interaktiv\/#breadcrumb"},"inLanguage":"de","potentialAction":[{"@type":"ReadAction","target":["https:\/\/marsco.org\/de\/3d-interaktiv\/"]}]},{"@type":"ImageObject","inLanguage":"de","@id":"https:\/\/marsco.org\/de\/3d-interaktiv\/#primaryimage","url":"https:\/\/marsco.org\/wp-content\/uploads\/2025\/04\/1.webp","contentUrl":"https:\/\/marsco.org\/wp-content\/uploads\/2025\/04\/1.webp","width":1024,"height":1024,"caption":"3D interactive, page, image3, marsco"},{"@type":"BreadcrumbList","@id":"https:\/\/marsco.org\/de\/3d-interaktiv\/#breadcrumb","itemListElement":[{"@type":"ListItem","position":1,"name":"Home","item":"https:\/\/marsco.org\/de\/"},{"@type":"ListItem","position":2,"name":"3D interaktiv"}]},{"@type":"WebSite","@id":"https:\/\/marsco.org\/de\/#website","url":"https:\/\/marsco.org\/de\/","name":"Marsco","description":"3D graphics, 3D tours, websites, and SEO \u2013 a full-cycle solution for your business | Marsco","publisher":{"@id":"https:\/\/marsco.org\/de\/#\/schema\/person\/015f95afbd56e44f7f422c5906e06217"},"potentialAction":[{"@type":"SearchAction","target":{"@type":"EntryPoint","urlTemplate":"https:\/\/marsco.org\/de\/?s={search_term_string}"},"query-input":{"@type":"PropertyValueSpecification","valueRequired":true,"valueName":"search_term_string"}}],"inLanguage":"de"},{"@type":["Person","Organization"],"@id":"https:\/\/marsco.org\/de\/#\/schema\/person\/015f95afbd56e44f7f422c5906e06217","name":"admin","image":{"@type":"ImageObject","inLanguage":"de","@id":"https:\/\/marsco.org\/de\/#\/schema\/person\/image\/","url":"https:\/\/marsco.org\/wp-content\/uploads\/2025\/05\/logo2.webp","contentUrl":"https:\/\/marsco.org\/wp-content\/uploads\/2025\/05\/logo2.webp","width":510,"height":127,"caption":"admin"},"logo":{"@id":"https:\/\/marsco.org\/de\/#\/schema\/person\/image\/"},"sameAs":["https:\/\/marsco.org"]}]}},"_links":{"self":[{"href":"https:\/\/marsco.org\/de\/wp-json\/wp\/v2\/pages\/25065","targetHints":{"allow":["GET"]}}],"collection":[{"href":"https:\/\/marsco.org\/de\/wp-json\/wp\/v2\/pages"}],"about":[{"href":"https:\/\/marsco.org\/de\/wp-json\/wp\/v2\/types\/page"}],"author":[{"embeddable":true,"href":"https:\/\/marsco.org\/de\/wp-json\/wp\/v2\/users\/1"}],"replies":[{"embeddable":true,"href":"https:\/\/marsco.org\/de\/wp-json\/wp\/v2\/comments?post=25065"}],"version-history":[{"count":16,"href":"https:\/\/marsco.org\/de\/wp-json\/wp\/v2\/pages\/25065\/revisions"}],"predecessor-version":[{"id":25459,"href":"https:\/\/marsco.org\/de\/wp-json\/wp\/v2\/pages\/25065\/revisions\/25459"}],"wp:featuredmedia":[{"embeddable":true,"href":"https:\/\/marsco.org\/de\/wp-json\/wp\/v2\/media\/24425"}],"wp:attachment":[{"href":"https:\/\/marsco.org\/de\/wp-json\/wp\/v2\/media?parent=25065"}],"curies":[{"name":"wp","href":"https:\/\/api.w.org\/{rel}","templated":true}]}}