{"id":25071,"date":"2025-03-31T15:17:50","date_gmt":"2025-03-31T15:17:50","guid":{"rendered":"https:\/\/marsco.org\/3d-animation\/"},"modified":"2025-05-27T15:27:49","modified_gmt":"2025-05-27T15:27:49","slug":"3d-animation","status":"publish","type":"page","link":"https:\/\/marsco.org\/de\/3d-animation\/","title":{"rendered":"3d Animation"},"content":{"rendered":"\t\t<div data-elementor-type=\"wp-page\" data-elementor-id=\"25071\" class=\"elementor elementor-25071 elementor-23901\" data-elementor-post-type=\"page\">\n\t\t\t\t\t\t<section class=\"wd-negative-gap elementor-section elementor-top-section elementor-element elementor-element-2a87186 wd-section-stretch elementor-section-boxed elementor-section-height-default elementor-section-height-default\" data-id=\"2a87186\" data-element_type=\"section\" data-settings=\"{&quot;background_background&quot;:&quot;classic&quot;}\">\n\t\t\t\t\t\t\t<div class=\"elementor-background-overlay\"><\/div>\n\t\t\t\t\t\t\t<div class=\"elementor-container elementor-column-gap-default\">\n\t\t\t\t\t<div class=\"elementor-column elementor-col-100 elementor-top-column elementor-element elementor-element-5d048ad color-scheme-light\" data-id=\"5d048ad\" data-element_type=\"column\">\n\t\t\t<div class=\"elementor-widget-wrap elementor-element-populated\">\n\t\t\t\t\t\t<div class=\"elementor-element elementor-element-154052c wd-width-100 elementor-widget elementor-widget-wd_title\" data-id=\"154052c\" data-element_type=\"widget\" data-widget_type=\"wd_title.default\">\n\t\t\t\t<div class=\"elementor-widget-container\">\n\t\t\t\t\t\t\t<div class=\"title-wrapper wd-set-mb reset-last-child wd-title-color-white wd-title-style-default wd-title-size-large text-center\">\n\n\t\t\t\n\t\t\t<div class=\"liner-continer\">\n\t\t\t\t<h4 class=\"woodmart-title-container title wd-fontsize-xxl\">3D-Animation<\/h4> \n\t\t\t\t\t\t\t<\/div>\n\n\t\t\t\t\t\t\t<div class=\"title-after_title reset-last-child wd-fontsize-s\">\n\t\t\t\t\t<p>Bewegung, die Ideen zum Leben erweckt. Wir erstellen realistische Animationen f\u00fcr Pr\u00e4sentationen und Werbung.<br \/>Mit modernster 3D-Animation technologie garantieren wir fl\u00fcssige Bewegungen und cineastische Renderqualit\u00e4t.<br \/>Egal ob detaillierte Technik-Demonstration oder eindrucksvolles Werbeintro \u2013 wir machen es m\u00f6glich.<\/p>\t\t\t\t<\/div>\n\t\t\t\t\t<\/div>\n\t\t\t\t\t\t<\/div>\n\t\t\t\t<\/div>\n\t\t\t\t\t<\/div>\n\t\t<\/div>\n\t\t\t\t\t<\/div>\n\t\t<\/section>\n\t\t<div class=\"wd-negative-gap elementor-element elementor-element-7e18e28 e-flex e-con-boxed e-con e-parent\" data-id=\"7e18e28\" data-element_type=\"container\" data-settings=\"{&quot;background_background&quot;:&quot;classic&quot;}\">\n\t\t\t\t\t<div class=\"e-con-inner\">\n\t\t<div class=\"wd-sticky-container-lg elementor-element elementor-element-76bf183 e-con-full e-flex e-con e-child\" data-id=\"76bf183\" data-element_type=\"container\">\n\t\t\t\t<div class=\"elementor-element elementor-element-8bdea30 wd-width-100 elementor-widget elementor-widget-wd_title\" data-id=\"8bdea30\" data-element_type=\"widget\" data-widget_type=\"wd_title.default\">\n\t\t\t\t<div class=\"elementor-widget-container\">\n\t\t\t\t\t\t\t<div class=\"title-wrapper wd-set-mb reset-last-child wd-title-color-default wd-title-style-default wd-title-size-default text-left\">\n\n\t\t\t\n\t\t\t<div class=\"liner-continer\">\n\t\t\t\t<h4 class=\"woodmart-title-container title wd-fontsize-l\">Dynamische 3D-Animation<\/h4> \n\t\t\t\t\t\t\t<\/div>\n\n\t\t\t\t\t\t\t<div class=\"title-after_title reset-last-child wd-fontsize-xs\">\n\t\t\t\t\t<p>Wir kreieren eindrucksvolle 3D-Animationen, die Aufmerksamkeit erregen und Ihre Botschaft klar vermitteln.<br \/>Mit sorgf\u00e4ltig entwickelten Visuals und Animationen heben wir Ihr Video hervor.<\/p>\t\t\t\t<\/div>\n\t\t\t\t\t<\/div>\n\t\t\t\t\t\t<\/div>\n\t\t\t\t<\/div>\n\t\t\t\t<\/div>\n\t\t<div class=\"elementor-element elementor-element-c19afe7 e-con-full e-flex e-con e-child\" data-id=\"c19afe7\" data-element_type=\"container\">\n\t\t\t\t<\/div>\n\t\t\t\t\t<\/div>\n\t\t\t\t<\/div>\n\t\t<div class=\"wd-negative-gap elementor-element elementor-element-41c7574 e-flex e-con-boxed e-con e-parent\" data-id=\"41c7574\" data-element_type=\"container\" data-settings=\"{&quot;background_background&quot;:&quot;classic&quot;}\">\n\t\t\t\t\t<div class=\"e-con-inner\">\n\t\t<div class=\"wd-sticky-container-lg elementor-element elementor-element-1d1c74f e-con-full e-flex e-con e-child\" data-id=\"1d1c74f\" data-element_type=\"container\">\n\t\t\t\t<\/div>\n\t\t<div class=\"elementor-element elementor-element-153a15a e-con-full e-flex e-con e-child\" data-id=\"153a15a\" data-element_type=\"container\">\n\t\t\t\t<div class=\"elementor-element elementor-element-d8903d0 wd-width-100 elementor-widget elementor-widget-wd_title\" data-id=\"d8903d0\" data-element_type=\"widget\" data-widget_type=\"wd_title.default\">\n\t\t\t\t<div class=\"elementor-widget-container\">\n\t\t\t\t\t\t\t<div class=\"title-wrapper wd-set-mb reset-last-child wd-title-color-default wd-title-style-default wd-title-size-default text-left\">\n\n\t\t\t\n\t\t\t<div class=\"liner-continer\">\n\t\t\t\t<h4 class=\"woodmart-title-container title wd-fontsize-l\">Schritt-f\u00fcr-Schritt Visualisierung von Montage und Bedienung<\/h4> \n\t\t\t\t\t\t\t<\/div>\n\n\t\t\t\t\t\t\t<div class=\"title-after_title reset-last-child wd-fontsize-xs\">\n\t\t\t\t\t<p>Wir erstellen detaillierte 3D-Videos, die die Montage, Installation und Bedienung Ihres Produkts veranschaulichen.<br \/>Dieses Format eignet sich hervorragend f\u00fcr Mitarbeiterschulungen, Kundenanleitungen und Marketingmaterial.<\/p>\t\t\t\t<\/div>\n\t\t\t\t\t<\/div>\n\t\t\t\t\t\t<\/div>\n\t\t\t\t<\/div>\n\t\t\t\t<\/div>\n\t\t\t\t\t<\/div>\n\t\t\t\t<\/div>\n\t\t<div class=\"wd-negative-gap elementor-element elementor-element-f69b9e8 e-flex e-con-boxed e-con e-parent\" data-id=\"f69b9e8\" data-element_type=\"container\" data-settings=\"{&quot;background_background&quot;:&quot;classic&quot;}\">\n\t\t\t\t\t<div class=\"e-con-inner\">\n\t\t<div class=\"wd-sticky-container-lg elementor-element elementor-element-fd1cc75 e-con-full e-flex e-con e-child\" data-id=\"fd1cc75\" data-element_type=\"container\">\n\t\t\t\t<div class=\"elementor-element elementor-element-61ffecd wd-width-100 elementor-widget elementor-widget-wd_title\" data-id=\"61ffecd\" data-element_type=\"widget\" data-widget_type=\"wd_title.default\">\n\t\t\t\t<div class=\"elementor-widget-container\">\n\t\t\t\t\t\t\t<div class=\"title-wrapper wd-set-mb reset-last-child wd-title-color-default wd-title-style-default wd-title-size-default text-left\">\n\n\t\t\t\n\t\t\t<div class=\"liner-continer\">\n\t\t\t\t<h4 class=\"woodmart-title-container title wd-fontsize-l\">Mechanische Animationen und Ger\u00e4tefunktionsvisualisierung<\/h4> \n\t\t\t\t\t\t\t<\/div>\n\n\t\t\t\t\t\t\t<div class=\"title-after_title reset-last-child wd-fontsize-xs\">\n\t\t\t\t\t<p>Wir erstellen 3D-Animationen, die anschaulich zeigen, wie Mechanismen, Anlagen und komplexe technische Systeme funktionieren.<br \/>Diese Art der Visualisierung ist ideal f\u00fcr Schulungen, Marketing, technische Dokumentation und Pr\u00e4sentationen.<\/p>\t\t\t\t<\/div>\n\t\t\t\t\t<\/div>\n\t\t\t\t\t\t<\/div>\n\t\t\t\t<\/div>\n\t\t\t\t<\/div>\n\t\t<div class=\"elementor-element elementor-element-a37cbc7 e-con-full e-flex e-con e-child\" data-id=\"a37cbc7\" data-element_type=\"container\">\n\t\t\t\t<\/div>\n\t\t\t\t\t<\/div>\n\t\t\t\t<\/div>\n\t\t<div class=\"wd-negative-gap elementor-element elementor-element-3659cd2 e-flex e-con-boxed e-con e-parent\" data-id=\"3659cd2\" data-element_type=\"container\" data-settings=\"{&quot;background_background&quot;:&quot;classic&quot;}\">\n\t\t\t\t\t<div class=\"e-con-inner\">\n\t\t<div class=\"wd-sticky-container-lg elementor-element elementor-element-62cd5ca e-con-full e-flex e-con e-child\" data-id=\"62cd5ca\" data-element_type=\"container\">\n\t\t\t\t<\/div>\n\t\t<div class=\"elementor-element elementor-element-a5d3fd4 e-con-full e-flex e-con e-child\" data-id=\"a5d3fd4\" data-element_type=\"container\">\n\t\t\t\t<div class=\"elementor-element elementor-element-64020e6 wd-width-100 elementor-widget elementor-widget-wd_title\" data-id=\"64020e6\" data-element_type=\"widget\" data-widget_type=\"wd_title.default\">\n\t\t\t\t<div class=\"elementor-widget-container\">\n\t\t\t\t\t\t\t<div class=\"title-wrapper wd-set-mb reset-last-child wd-title-color-default wd-title-style-default wd-title-size-default text-left\">\n\n\t\t\t\n\t\t\t<div class=\"liner-continer\">\n\t\t\t\t<h4 class=\"woodmart-title-container title wd-fontsize-l\">Lehrreiche 3D-Videos f\u00fcr Mitarbeiter und Kunden<\/h4> \n\t\t\t\t\t\t\t<\/div>\n\n\t\t\t\t\t\t\t<div class=\"title-after_title reset-last-child wd-fontsize-xs\">\n\t\t\t\t\t<p>Informative 3D-Videos, die ideal sind f\u00fcr:<br \/>\u2022 Schulung von Mitarbeitern<br \/>\u2022 Veranschaulichung von Produktfunktionen<br \/>\u2022 Vereinfachung komplexer Prozesse<br \/>Dieses Format eignet sich gut f\u00fcr Produktionsanweisungen, Ger\u00e4tepr\u00e4sentationen und technischen Support.<\/p>\t\t\t\t<\/div>\n\t\t\t\t\t<\/div>\n\t\t\t\t\t\t<\/div>\n\t\t\t\t<\/div>\n\t\t\t\t<\/div>\n\t\t\t\t\t<\/div>\n\t\t\t\t<\/div>\n\t\t<div class=\"wd-negative-gap elementor-element elementor-element-4cf6420 e-flex e-con-boxed e-con e-parent\" data-id=\"4cf6420\" data-element_type=\"container\">\n\t\t\t\t\t<div class=\"e-con-inner\">\n\t\t<div class=\"wd-sticky-container-lg elementor-element elementor-element-2775f02 e-con-full e-flex e-con e-child\" data-id=\"2775f02\" data-element_type=\"container\">\n\t\t\t\t<div class=\"elementor-element elementor-element-19ea5ee wd-width-100 elementor-invisible elementor-widget elementor-widget-wd_title\" data-id=\"19ea5ee\" data-element_type=\"widget\" data-settings=\"{&quot;_animation&quot;:&quot;fadeInLeft&quot;}\" data-widget_type=\"wd_title.default\">\n\t\t\t\t<div class=\"elementor-widget-container\">\n\t\t\t\t\t\t\t<div class=\"title-wrapper wd-set-mb reset-last-child wd-title-color-default wd-title-style-default wd-title-size-default text-center\">\n\n\t\t\t\n\t\t\t<div class=\"liner-continer\">\n\t\t\t\t<h4 class=\"woodmart-title-container title wd-fontsize-l\">Referenzbeispiele<\/h4> \n\t\t\t\t\t\t\t<\/div>\n\n\t\t\t\t\t\t\t<div class=\"title-after_title reset-last-child wd-fontsize-xs\">\n\t\t\t\t\t<p>Entdecken Sie einige Beispiele bereits realisierter Animationsprojekte aus unserem Portfolio.<\/p>\t\t\t\t<\/div>\n\t\t\t\t\t<\/div>\n\t\t\t\t\t\t<\/div>\n\t\t\t\t<\/div>\n\t\t\t\t<\/div>\n\t\t\t\t\t<\/div>\n\t\t\t\t<\/div>\n\t\t<div class=\"wd-negative-gap elementor-element elementor-element-c31d66f animated-slow e-flex e-con-boxed elementor-invisible e-con e-parent\" data-id=\"c31d66f\" data-element_type=\"container\" data-settings=\"{&quot;animation&quot;:&quot;fadeInLeft&quot;}\">\n\t\t\t\t\t<div class=\"e-con-inner\">\n\t\t<div class=\"elementor-element elementor-element-344aa4a e-con-full e-flex e-con e-child\" data-id=\"344aa4a\" data-element_type=\"container\">\n\t\t\t\t<div class=\"elementor-element elementor-element-654a052 elementor-widget elementor-widget-video\" data-id=\"654a052\" data-element_type=\"widget\" data-settings=\"{&quot;youtube_url&quot;:&quot;https:\\\/\\\/www.youtube.com\\\/watch?v=rtv7M206ZGY&amp;ab_channel=Marsco%283DAssemblyVideos%29&quot;,&quot;video_type&quot;:&quot;youtube&quot;,&quot;controls&quot;:&quot;yes&quot;}\" data-widget_type=\"video.default\">\n\t\t\t\t<div class=\"elementor-widget-container\">\n\t\t\t\t\t\t\t<div class=\"elementor-wrapper elementor-open-inline\">\n\t\t\t<div class=\"elementor-video\"><\/div>\t\t<\/div>\n\t\t\t\t\t\t<\/div>\n\t\t\t\t<\/div>\n\t\t\t\t<\/div>\n\t\t<div class=\"elementor-element elementor-element-fa03bf5 e-con-full e-flex e-con e-child\" data-id=\"fa03bf5\" data-element_type=\"container\">\n\t\t\t\t<div class=\"elementor-element elementor-element-dba4b28 elementor-widget elementor-widget-video\" data-id=\"dba4b28\" data-element_type=\"widget\" data-settings=\"{&quot;youtube_url&quot;:&quot;https:\\\/\\\/www.youtube.com\\\/watch?v=1gqcc0Ptr94&amp;ab_channel=Marsco%283DAssemblyVideos%29&quot;,&quot;video_type&quot;:&quot;youtube&quot;,&quot;controls&quot;:&quot;yes&quot;}\" data-widget_type=\"video.default\">\n\t\t\t\t<div class=\"elementor-widget-container\">\n\t\t\t\t\t\t\t<div class=\"elementor-wrapper elementor-open-inline\">\n\t\t\t<div class=\"elementor-video\"><\/div>\t\t<\/div>\n\t\t\t\t\t\t<\/div>\n\t\t\t\t<\/div>\n\t\t\t\t<\/div>\n\t\t<div class=\"elementor-element elementor-element-5256f4e e-con-full e-flex e-con e-child\" data-id=\"5256f4e\" data-element_type=\"container\">\n\t\t\t\t<div class=\"elementor-element elementor-element-ad8c524 elementor-widget elementor-widget-video\" data-id=\"ad8c524\" data-element_type=\"widget\" data-settings=\"{&quot;youtube_url&quot;:&quot;https:\\\/\\\/www.youtube.com\\\/watch?v=B9RqPxHvZf0&amp;ab_channel=Marsco%283DAssemblyVideos%29&quot;,&quot;video_type&quot;:&quot;youtube&quot;,&quot;controls&quot;:&quot;yes&quot;}\" data-widget_type=\"video.default\">\n\t\t\t\t<div class=\"elementor-widget-container\">\n\t\t\t\t\t\t\t<div class=\"elementor-wrapper elementor-open-inline\">\n\t\t\t<div class=\"elementor-video\"><\/div>\t\t<\/div>\n\t\t\t\t\t\t<\/div>\n\t\t\t\t<\/div>\n\t\t\t\t<\/div>\n\t\t\t\t\t<\/div>\n\t\t\t\t<\/div>\n\t\t<div class=\"wd-negative-gap elementor-element elementor-element-ef86399 e-flex e-con-boxed e-con e-parent\" data-id=\"ef86399\" data-element_type=\"container\">\n\t\t\t\t\t<div class=\"e-con-inner\">\n\t\t\t\t<div class=\"elementor-element elementor-element-96c3470 color-scheme-inherit text-left elementor-widget elementor-widget-text-editor\" data-id=\"96c3470\" data-element_type=\"widget\" data-widget_type=\"text-editor.default\">\n\t\t\t\t<div class=\"elementor-widget-container\">\n\t\t\t\t\t\t\t\t\t<p>Wir kreieren eindrucksvolle 3D-Animationen, die Aufmerksamkeit erregen und Ihre Botschaft klar vermitteln.<br \/>Mit sorgf\u00e4ltig entwickelten Visuals und Animationen heben wir Ihr Video hervor.Wir kreieren eindrucksvolle 3D-Animationen, die Aufmerksamkeit erregen und Ihre Botschaft klar vermitteln.<br \/>Mit sorgf\u00e4ltig entwickelten Visuals und Animationen heben wir Ihr Video hervor.<\/p>\t\t\t\t\t\t\t\t<\/div>\n\t\t\t\t<\/div>\n\t\t\t\t\t<\/div>\n\t\t\t\t<\/div>\n\t\t<div class=\"wd-negative-gap elementor-element elementor-element-42c2f35 wd-section-stretch e-flex e-con-boxed e-con e-parent\" data-id=\"42c2f35\" data-element_type=\"container\" data-settings=\"{&quot;background_background&quot;:&quot;classic&quot;}\">\n\t\t\t\t\t<div class=\"e-con-inner\">\n\t\t<div class=\"wd-sticky-container-lg elementor-element elementor-element-bc25080 e-con-full e-flex e-con e-child\" data-id=\"bc25080\" data-element_type=\"container\">\n\t\t\t\t<div class=\"elementor-element elementor-element-971c68d wd-width-100 elementor-widget elementor-widget-wd_title\" data-id=\"971c68d\" data-element_type=\"widget\" data-widget_type=\"wd_title.default\">\n\t\t\t\t<div class=\"elementor-widget-container\">\n\t\t\t\t\t\t\t<div class=\"title-wrapper wd-set-mb reset-last-child wd-title-color-default wd-title-style-default wd-title-size-default text-center\">\n\n\t\t\t\n\t\t\t<div class=\"liner-continer\">\n\t\t\t\t<h4 class=\"woodmart-title-container title wd-fontsize-l\">Kontakt<\/h4> \n\t\t\t\t\t\t\t<\/div>\n\n\t\t\t\t\t\t\t<div class=\"title-after_title reset-last-child wd-fontsize-xs\">\n\t\t\t\t\t<p><strong>Haben Sie Fragen oder Anregungen? Wir sind f\u00fcr Sie da!<\/strong><strong><br \/>Nutzen Sie das Kontaktformular, schreiben Sie uns eine E-Mail \u2013 wir melden uns umgehend bei Ihnen.<\/strong><\/p>\t\t\t\t<\/div>\n\t\t\t\t\t<\/div>\n\t\t\t\t\t\t<\/div>\n\t\t\t\t<\/div>\n\t\t\t\t<div class=\"elementor-element elementor-element-463279d elementor-button-info elementor-align-center elementor-widget elementor-widget-button\" data-id=\"463279d\" data-element_type=\"widget\" data-widget_type=\"button.default\">\n\t\t\t\t<div class=\"elementor-widget-container\">\n\t\t\t\t\t\t\t\t\t<div class=\"elementor-button-wrapper\">\n\t\t\t\t\t<a class=\"elementor-button elementor-button-link elementor-size-sm\" href=\"https:\/\/marsco.org\/de\/kontaktieren-sie-uns\/\">\n\t\t\t\t\t\t<span class=\"elementor-button-content-wrapper\">\n\t\t\t\t\t\t\t\t\t<span class=\"elementor-button-text\">ANGEBOT EINHOLEN<\/span>\n\t\t\t\t\t<\/span>\n\t\t\t\t\t<\/a>\n\t\t\t\t<\/div>\n\t\t\t\t\t\t\t\t<\/div>\n\t\t\t\t<\/div>\n\t\t\t\t<\/div>\n\t\t\t\t\t<\/div>\n\t\t\t\t<\/div>\n\t\t\t\t<\/div>\n\t\t","protected":false},"excerpt":{"rendered":"<p>3D-Animation Bewegung, die Ideen zum Leben erweckt. Wir erstellen realistische Animationen f\u00fcr Pr\u00e4sentationen und Werbung.Mit modernster 3D-Animation technologie garantieren wir<\/p>\n","protected":false},"author":1,"featured_media":24402,"parent":0,"menu_order":0,"comment_status":"closed","ping_status":"closed","template":"","meta":{"footnotes":""},"class_list":["post-25071","page","type-page","status-publish","has-post-thumbnail","hentry"],"yoast_head":"<!-- This site is optimized with the Yoast SEO plugin v26.2 - https:\/\/yoast.com\/wordpress\/plugins\/seo\/ -->\n<title>3D-Animation f\u00fcr Produkte | Marsco<\/title>\n<meta name=\"description\" content=\"Wir erstellen hochwertige 3D-Animation f\u00fcr Ihr Produkt oder Ihre Marke. Perfekt f\u00fcr Websites, Anzeigen und Pr\u00e4sentationen.\" \/>\n<meta name=\"robots\" content=\"index, follow, max-snippet:-1, max-image-preview:large, max-video-preview:-1\" \/>\n<link rel=\"canonical\" href=\"https:\/\/marsco.org\/de\/3d-animation\/\" \/>\n<meta property=\"og:locale\" content=\"de_DE\" \/>\n<meta property=\"og:type\" content=\"article\" \/>\n<meta property=\"og:title\" content=\"3D-Animation f\u00fcr Produkte | Marsco\" \/>\n<meta property=\"og:description\" content=\"Wir erstellen hochwertige 3D-Animation f\u00fcr Ihr Produkt oder Ihre Marke. Perfekt f\u00fcr Websites, Anzeigen und Pr\u00e4sentationen.\" \/>\n<meta property=\"og:url\" content=\"https:\/\/marsco.org\/de\/3d-animation\/\" \/>\n<meta property=\"og:site_name\" content=\"Marsco\" \/>\n<meta property=\"article:modified_time\" content=\"2025-05-27T15:27:49+00:00\" \/>\n<meta property=\"og:image\" content=\"https:\/\/marsco.org\/wp-content\/uploads\/2021\/08\/arc.webp\" \/>\n\t<meta property=\"og:image:width\" content=\"768\" \/>\n\t<meta property=\"og:image:height\" content=\"768\" \/>\n\t<meta property=\"og:image:type\" content=\"image\/webp\" \/>\n<meta name=\"twitter:card\" content=\"summary_large_image\" \/>\n<meta name=\"twitter:label1\" content=\"Gesch\u00e4tzte Lesezeit\" \/>\n\t<meta name=\"twitter:data1\" content=\"2\u00a0Minuten\" \/>\n<script type=\"application\/ld+json\" class=\"yoast-schema-graph\">{\"@context\":\"https:\/\/schema.org\",\"@graph\":[{\"@type\":\"WebPage\",\"@id\":\"https:\/\/marsco.org\/de\/3d-animation\/\",\"url\":\"https:\/\/marsco.org\/de\/3d-animation\/\",\"name\":\"3D-Animation f\u00fcr Produkte | Marsco\",\"isPartOf\":{\"@id\":\"https:\/\/marsco.org\/de\/#website\"},\"primaryImageOfPage\":{\"@id\":\"https:\/\/marsco.org\/de\/3d-animation\/#primaryimage\"},\"image\":{\"@id\":\"https:\/\/marsco.org\/de\/3d-animation\/#primaryimage\"},\"thumbnailUrl\":\"https:\/\/marsco.org\/wp-content\/uploads\/2021\/08\/arc.webp\",\"datePublished\":\"2025-03-31T15:17:50+00:00\",\"dateModified\":\"2025-05-27T15:27:49+00:00\",\"description\":\"Wir erstellen hochwertige 3D-Animation f\u00fcr Ihr Produkt oder Ihre Marke. Perfekt f\u00fcr Websites, Anzeigen und Pr\u00e4sentationen.\",\"breadcrumb\":{\"@id\":\"https:\/\/marsco.org\/de\/3d-animation\/#breadcrumb\"},\"inLanguage\":\"de\",\"potentialAction\":[{\"@type\":\"ReadAction\",\"target\":[\"https:\/\/marsco.org\/de\/3d-animation\/\"]}]},{\"@type\":\"ImageObject\",\"inLanguage\":\"de\",\"@id\":\"https:\/\/marsco.org\/de\/3d-animation\/#primaryimage\",\"url\":\"https:\/\/marsco.org\/wp-content\/uploads\/2021\/08\/arc.webp\",\"contentUrl\":\"https:\/\/marsco.org\/wp-content\/uploads\/2021\/08\/arc.webp\",\"width\":768,\"height\":768,\"caption\":\"3d-animation, main page, image2, marsco\"},{\"@type\":\"BreadcrumbList\",\"@id\":\"https:\/\/marsco.org\/de\/3d-animation\/#breadcrumb\",\"itemListElement\":[{\"@type\":\"ListItem\",\"position\":1,\"name\":\"Home\",\"item\":\"https:\/\/marsco.org\/de\/\"},{\"@type\":\"ListItem\",\"position\":2,\"name\":\"3d Animation\"}]},{\"@type\":\"WebSite\",\"@id\":\"https:\/\/marsco.org\/de\/#website\",\"url\":\"https:\/\/marsco.org\/de\/\",\"name\":\"Marsco\",\"description\":\"3D graphics, 3D tours, websites, and SEO \u2013 a full-cycle solution for your business | Marsco\",\"publisher\":{\"@id\":\"https:\/\/marsco.org\/de\/#\/schema\/person\/015f95afbd56e44f7f422c5906e06217\"},\"potentialAction\":[{\"@type\":\"SearchAction\",\"target\":{\"@type\":\"EntryPoint\",\"urlTemplate\":\"https:\/\/marsco.org\/de\/?s={search_term_string}\"},\"query-input\":{\"@type\":\"PropertyValueSpecification\",\"valueRequired\":true,\"valueName\":\"search_term_string\"}}],\"inLanguage\":\"de\"},{\"@type\":[\"Person\",\"Organization\"],\"@id\":\"https:\/\/marsco.org\/de\/#\/schema\/person\/015f95afbd56e44f7f422c5906e06217\",\"name\":\"admin\",\"image\":{\"@type\":\"ImageObject\",\"inLanguage\":\"de\",\"@id\":\"https:\/\/marsco.org\/de\/#\/schema\/person\/image\/\",\"url\":\"https:\/\/marsco.org\/wp-content\/uploads\/2025\/05\/logo2.webp\",\"contentUrl\":\"https:\/\/marsco.org\/wp-content\/uploads\/2025\/05\/logo2.webp\",\"width\":510,\"height\":127,\"caption\":\"admin\"},\"logo\":{\"@id\":\"https:\/\/marsco.org\/de\/#\/schema\/person\/image\/\"},\"sameAs\":[\"https:\/\/marsco.org\"]}]}<\/script>\n<!-- \/ Yoast SEO plugin. -->","yoast_head_json":{"title":"3D-Animation f\u00fcr Produkte | Marsco","description":"Wir erstellen hochwertige 3D-Animation f\u00fcr Ihr Produkt oder Ihre Marke. Perfekt f\u00fcr Websites, Anzeigen und Pr\u00e4sentationen.","robots":{"index":"index","follow":"follow","max-snippet":"max-snippet:-1","max-image-preview":"max-image-preview:large","max-video-preview":"max-video-preview:-1"},"canonical":"https:\/\/marsco.org\/de\/3d-animation\/","og_locale":"de_DE","og_type":"article","og_title":"3D-Animation f\u00fcr Produkte | Marsco","og_description":"Wir erstellen hochwertige 3D-Animation f\u00fcr Ihr Produkt oder Ihre Marke. Perfekt f\u00fcr Websites, Anzeigen und Pr\u00e4sentationen.","og_url":"https:\/\/marsco.org\/de\/3d-animation\/","og_site_name":"Marsco","article_modified_time":"2025-05-27T15:27:49+00:00","og_image":[{"width":768,"height":768,"url":"https:\/\/marsco.org\/wp-content\/uploads\/2021\/08\/arc.webp","type":"image\/webp"}],"twitter_card":"summary_large_image","twitter_misc":{"Gesch\u00e4tzte Lesezeit":"2\u00a0Minuten"},"schema":{"@context":"https:\/\/schema.org","@graph":[{"@type":"WebPage","@id":"https:\/\/marsco.org\/de\/3d-animation\/","url":"https:\/\/marsco.org\/de\/3d-animation\/","name":"3D-Animation f\u00fcr Produkte | Marsco","isPartOf":{"@id":"https:\/\/marsco.org\/de\/#website"},"primaryImageOfPage":{"@id":"https:\/\/marsco.org\/de\/3d-animation\/#primaryimage"},"image":{"@id":"https:\/\/marsco.org\/de\/3d-animation\/#primaryimage"},"thumbnailUrl":"https:\/\/marsco.org\/wp-content\/uploads\/2021\/08\/arc.webp","datePublished":"2025-03-31T15:17:50+00:00","dateModified":"2025-05-27T15:27:49+00:00","description":"Wir erstellen hochwertige 3D-Animation f\u00fcr Ihr Produkt oder Ihre Marke. Perfekt f\u00fcr Websites, Anzeigen und Pr\u00e4sentationen.","breadcrumb":{"@id":"https:\/\/marsco.org\/de\/3d-animation\/#breadcrumb"},"inLanguage":"de","potentialAction":[{"@type":"ReadAction","target":["https:\/\/marsco.org\/de\/3d-animation\/"]}]},{"@type":"ImageObject","inLanguage":"de","@id":"https:\/\/marsco.org\/de\/3d-animation\/#primaryimage","url":"https:\/\/marsco.org\/wp-content\/uploads\/2021\/08\/arc.webp","contentUrl":"https:\/\/marsco.org\/wp-content\/uploads\/2021\/08\/arc.webp","width":768,"height":768,"caption":"3d-animation, main page, image2, marsco"},{"@type":"BreadcrumbList","@id":"https:\/\/marsco.org\/de\/3d-animation\/#breadcrumb","itemListElement":[{"@type":"ListItem","position":1,"name":"Home","item":"https:\/\/marsco.org\/de\/"},{"@type":"ListItem","position":2,"name":"3d Animation"}]},{"@type":"WebSite","@id":"https:\/\/marsco.org\/de\/#website","url":"https:\/\/marsco.org\/de\/","name":"Marsco","description":"3D graphics, 3D tours, websites, and SEO \u2013 a full-cycle solution for your business | Marsco","publisher":{"@id":"https:\/\/marsco.org\/de\/#\/schema\/person\/015f95afbd56e44f7f422c5906e06217"},"potentialAction":[{"@type":"SearchAction","target":{"@type":"EntryPoint","urlTemplate":"https:\/\/marsco.org\/de\/?s={search_term_string}"},"query-input":{"@type":"PropertyValueSpecification","valueRequired":true,"valueName":"search_term_string"}}],"inLanguage":"de"},{"@type":["Person","Organization"],"@id":"https:\/\/marsco.org\/de\/#\/schema\/person\/015f95afbd56e44f7f422c5906e06217","name":"admin","image":{"@type":"ImageObject","inLanguage":"de","@id":"https:\/\/marsco.org\/de\/#\/schema\/person\/image\/","url":"https:\/\/marsco.org\/wp-content\/uploads\/2025\/05\/logo2.webp","contentUrl":"https:\/\/marsco.org\/wp-content\/uploads\/2025\/05\/logo2.webp","width":510,"height":127,"caption":"admin"},"logo":{"@id":"https:\/\/marsco.org\/de\/#\/schema\/person\/image\/"},"sameAs":["https:\/\/marsco.org"]}]}},"_links":{"self":[{"href":"https:\/\/marsco.org\/de\/wp-json\/wp\/v2\/pages\/25071","targetHints":{"allow":["GET"]}}],"collection":[{"href":"https:\/\/marsco.org\/de\/wp-json\/wp\/v2\/pages"}],"about":[{"href":"https:\/\/marsco.org\/de\/wp-json\/wp\/v2\/types\/page"}],"author":[{"embeddable":true,"href":"https:\/\/marsco.org\/de\/wp-json\/wp\/v2\/users\/1"}],"replies":[{"embeddable":true,"href":"https:\/\/marsco.org\/de\/wp-json\/wp\/v2\/comments?post=25071"}],"version-history":[{"count":24,"href":"https:\/\/marsco.org\/de\/wp-json\/wp\/v2\/pages\/25071\/revisions"}],"predecessor-version":[{"id":25456,"href":"https:\/\/marsco.org\/de\/wp-json\/wp\/v2\/pages\/25071\/revisions\/25456"}],"wp:featuredmedia":[{"embeddable":true,"href":"https:\/\/marsco.org\/de\/wp-json\/wp\/v2\/media\/24402"}],"wp:attachment":[{"href":"https:\/\/marsco.org\/de\/wp-json\/wp\/v2\/media?parent=25071"}],"curies":[{"name":"wp","href":"https:\/\/api.w.org\/{rel}","templated":true}]}}